{"id":260,"date":"2021-03-17T11:34:46","date_gmt":"2021-03-17T11:34:46","guid":{"rendered":"https:\/\/prezasae.mindd.gr\/?page_id=260"},"modified":"2022-01-24T09:11:48","modified_gmt":"2022-01-24T09:11:48","slug":"egkatastaseis","status":"publish","type":"page","link":"https:\/\/www.prezasae.gr\/en\/egkatastaseis\/","title":{"rendered":"Facilities"},"content":{"rendered":"<div data-elementor-type=\"wp-page\" data-elementor-id=\"260\" class=\"elementor elementor-260\" data-elementor-settings=\"[]\">\n\t\t\t\t\t\t\t<div class=\"elementor-section-wrap\">\n\t\t\t\t\t\t\t<section class=\"elementor-section elementor-top-section elementor-element elementor-element-08cd204 page-desc elementor-section-boxed elementor-section-height-default elementor-section-height-default\" data-id=\"08cd204\" data-element_type=\"section\">\n\t\t\t\t\t\t<div class=\"elementor-container elementor-column-gap-default\">\n\t\t\t\t\t<div class=\"elementor-column elementor-col-100 elementor-top-column elementor-element elementor-element-62f71a0\" data-id=\"62f71a0\" data-element_type=\"column\">\n\t\t\t<div class=\"elementor-widget-wrap elementor-element-populated\">\n\t\t\t\t\t\t\t\t<div class=\"elementor-element elementor-element-cc17ff4 elementor-widget elementor-widget-text-editor\" data-id=\"cc17ff4\" data-element_type=\"widget\" data-widget_type=\"text-editor.default\">\n\t\t\t\t<div class=\"elementor-widget-container\">\n\t\t\t\t\t<div class=\"elementor-text-editor elementor-clearfix\"><p>Our modern facilities 1.200 s.m in total (plus the cold storage) ensure the best storage of products in terms of quality and safety. These privately owned facilities are also aiming to avoid time-consuming procedures in the goods transportation.<\/p><\/div>\n\t\t\t\t<\/div>\n\t\t\t\t<\/div>\n\t\t\t\t\t<\/div>\n\t\t<\/div>\n\t\t\t\t\t\t\t<\/div>\n\t\t<\/section>\n\t\t\t\t<section class=\"elementor-section elementor-top-section elementor-element elementor-element-e1924f6 elementor-section-boxed elementor-section-height-default elementor-section-height-default\" data-id=\"e1924f6\" data-element_type=\"section\">\n\t\t\t\t\t\t<div class=\"elementor-container elementor-column-gap-default\">\n\t\t\t\t\t<div class=\"elementor-column elementor-col-100 elementor-top-column elementor-element elementor-element-1d7bbc4\" data-id=\"1d7bbc4\" data-element_type=\"column\">\n\t\t\t<div class=\"elementor-widget-wrap elementor-element-populated\">\n\t\t\t\t\t\t\t\t<div class=\"elementor-element elementor-element-5ca669a elementor-widget elementor-widget-spacer\" data-id=\"5ca669a\" data-element_type=\"widget\" data-widget_type=\"spacer.default\">\n\t\t\t\t<div class=\"elementor-widget-container\">\n\t\t\t\t\t<div class=\"elementor-spacer\">\n\t\t\t<div class=\"elementor-spacer-inner\"><\/div>\n\t\t<\/div>\n\t\t\t\t<\/div>\n\t\t\t\t<\/div>\n\t\t\t\t<div class=\"elementor-element elementor-element-038433b elementor-widget elementor-widget-image-carousel\" data-id=\"038433b\" data-element_type=\"widget\" data-settings=\"{&quot;slides_to_show&quot;:&quot;1&quot;,&quot;navigation&quot;:&quot;none&quot;,&quot;autoplay&quot;:&quot;yes&quot;,&quot;pause_on_hover&quot;:&quot;yes&quot;,&quot;pause_on_interaction&quot;:&quot;yes&quot;,&quot;autoplay_speed&quot;:5000,&quot;infinite&quot;:&quot;yes&quot;,&quot;effect&quot;:&quot;slide&quot;,&quot;speed&quot;:500}\" data-widget_type=\"image-carousel.default\">\n\t\t\t\t<div class=\"elementor-widget-container\">\n\t\t\t\t\t<div class=\"elementor-image-carousel-wrapper swiper-container\" dir=\"ltr\">\n\t\t\t<div class=\"elementor-image-carousel swiper-wrapper\">\n\t\t\t\t<div class=\"swiper-slide\"><figure class=\"swiper-slide-inner\"><img class=\"swiper-slide-image\" src=\"https:\/\/www.prezasae.gr\/wp-content\/uploads\/2022\/01\/ouAEA-1-768x300.jpg\" alt=\"\u00f6\u00f9\u00c6\u00c4 1\" \/><\/figure><\/div><div class=\"swiper-slide\"><figure class=\"swiper-slide-inner\"><img class=\"swiper-slide-image\" src=\"https:\/\/www.prezasae.gr\/wp-content\/uploads\/2022\/01\/ouAEA-2-768x300.jpg\" alt=\"\u00f6\u00f9\u00c6\u00c4 2\" \/><\/figure><\/div><div class=\"swiper-slide\"><figure class=\"swiper-slide-inner\"><img class=\"swiper-slide-image\" src=\"https:\/\/www.prezasae.gr\/wp-content\/uploads\/2022\/01\/ouAEA-3-768x300.jpg\" alt=\"\u00f6\u00f9\u00c6\u00c4 3\" \/><\/figure><\/div><div class=\"swiper-slide\"><figure class=\"swiper-slide-inner\"><img class=\"swiper-slide-image\" src=\"https:\/\/www.prezasae.gr\/wp-content\/uploads\/2022\/01\/8aeeCAECaeAECaeaeae-ia2-768x300.jpg\" alt=\"8)\u00e4\u00e9\u00eb\u00c7\u00c6\u00c7\u00e6\u00c6\u00c7\u00e6\u00e4\u00ea\u00e6 \u00ee\u00aa2\" \/><\/figure><\/div><div class=\"swiper-slide\"><figure class=\"swiper-slide-inner\"><img class=\"swiper-slide-image\" src=\"https:\/\/www.prezasae.gr\/wp-content\/uploads\/2022\/01\/net-metering-768x300.jpg\" alt=\"net metering\" \/><\/figure><\/div>\t\t\t<\/div>\n\t\t\t\t\t\t\t\t\t\t\t\t\t\t\t\t<\/div>\n\t\t\t\t<\/div>\n\t\t\t\t<\/div>\n\t\t\t\t<div class=\"elementor-element elementor-element-e40b316 elementor-widget elementor-widget-spacer\" data-id=\"e40b316\" data-element_type=\"widget\" data-widget_type=\"spacer.default\">\n\t\t\t\t<div class=\"elementor-widget-container\">\n\t\t\t\t\t<div class=\"elementor-spacer\">\n\t\t\t<div class=\"elementor-spacer-inner\"><\/div>\n\t\t<\/div>\n\t\t\t\t<\/div>\n\t\t\t\t<\/div>\n\t\t\t\t\t<\/div>\n\t\t<\/div>\n\t\t\t\t\t\t\t<\/div>\n\t\t<\/section>\n\t\t\t\t<section class=\"elementor-section elementor-top-section elementor-element elementor-element-4893664 page-desc elementor-section-boxed elementor-section-height-default elementor-section-height-default\" data-id=\"4893664\" data-element_type=\"section\">\n\t\t\t\t\t\t<div class=\"elementor-container elementor-column-gap-default\">\n\t\t\t\t\t<div class=\"elementor-column elementor-col-100 elementor-top-column elementor-element elementor-element-2f8dd80\" data-id=\"2f8dd80\" data-element_type=\"column\">\n\t\t\t<div class=\"elementor-widget-wrap elementor-element-populated\">\n\t\t\t\t\t\t\t\t<div class=\"elementor-element elementor-element-b3b753a elementor-widget elementor-widget-text-editor\" data-id=\"b3b753a\" data-element_type=\"widget\" data-widget_type=\"text-editor.default\">\n\t\t\t\t<div class=\"elementor-widget-container\">\n\t\t\t\t\t<div class=\"elementor-text-editor elementor-clearfix\"><p>Due to our environmental awareness and driven by green energy tools, our company contributes to air pollution\u2019s reduction through the installation of net metering panels in our warehouse.<\/p><\/div>\n\t\t\t\t<\/div>\n\t\t\t\t<\/div>\n\t\t\t\t\t<\/div>\n\t\t<\/div>\n\t\t\t\t\t\t\t<\/div>\n\t\t<\/section>\n\t\t\t\t\t\t<\/div>\n\t\t\t\t\t<\/div>","protected":false},"excerpt":{"rendered":"<p>\u039f\u03b9 \u03c3\u03cd\u03b3\u03c7\u03c1\u03bf\u03bd\u03b5\u03c2 \u03b5\u03b3\u03ba\u03b1\u03c4\u03b1\u03c3\u03c4\u03ac\u03c3\u03b5\u03b9\u03c2 \u03c4\u03b7\u03c2 \u03b5\u03c4\u03b1\u03b9\u03c1\u03b5\u03af\u03b1\u03c2 \u03c3\u03c5\u03bd\u03bf\u03bb\u03b9\u03ba\u03bf\u03cd \u03c7\u03ce\u03c1\u03bf\u03c5 1.200\u03c4.\u03bc (\u03c3\u03c5\u03bd \u03c4\u03bf\u03c5\u03c2 \u03c7\u03ce\u03c1\u03bf\u03c5\u03c2 \u03c8\u03cd\u03be\u03b7\u03c2) \u03b5\u03be\u03b1\u03c3\u03c6\u03b1\u03bb\u03af\u03b6\u03bf\u03c5\u03bd \u03b5\u03c0\u03b9\u03c0\u03bb\u03ad\u03bf\u03bd \u03c4\u03b7\u03bd \u03ac\u03c1\u03b9\u03c3\u03c4\u03b7 \u03ba\u03b1\u03b9 \u03b1\u03c3\u03c6\u03b1\u03bb\u03ad\u03c3\u03c4\u03b5\u03c1\u03b7 \u03c3\u03b5 \u03c3\u03c5\u03bd\u03b8\u03ae\u03ba\u03b5\u03c2 \u03b1\u03c0\u03bf\u03b8\u03ae\u03ba\u03b5\u03c5\u03c3\u03b7 \u03c4\u03c9\u03bd \u03b5\u03bc\u03c0\u03bf\u03c1\u03b5\u03c5\u03bc\u03ac\u03c4\u03c9\u03bd. \u039f\u03b9 \u03b9\u03b4\u03b9\u03cc\u03ba\u03c4\u03b7\u03c4\u03b5\u03c2 \u03b1\u03c5\u03c4\u03ad\u03c2 \u03b5\u03b3\u03ba\u03b1\u03c4\u03b1\u03c3\u03c4\u03ac\u03c3\u03b5\u03b9\u03c2 \u03ad\u03c7\u03bf\u03c5\u03bd \u03b5\u03c0\u03af\u03c3\u03b7\u03c2 \u03c9\u03c2 \u03b1\u03c0\u03cc\u03c4\u03b5\u03c1\u03bf \u03c3\u03ba\u03bf\u03c0\u03cc \u03c4\u03b7\u03bd \u03b1\u03c0\u03bf\u03c6\u03c5\u03b3\u03ae \u03c7\u03c1\u03bf\u03bd\u03bf\u03b2\u03cc\u03c1\u03c9\u03bd \u03b4\u03b9\u03b1\u03b4\u03b9\u03ba\u03b1\u03c3\u03b9\u03ce\u03bd \u03c3\u03c4\u03b7\u03bd \u03bc\u03b5\u03c4\u03b1\u03c6\u03bf\u03c1\u03ac \u03c4\u03c9\u03bd \u03b5\u03bc\u03c0\u03bf\u03c1\u03b5\u03c5\u03bc\u03ac\u03c4\u03c9\u03bd. \u03a0\u03b1\u03c1\u03ac\u03bb\u03bb\u03b7\u03bb\u03b1 \u03b7 \u03b5\u03c4\u03b1\u03b9\u03c1\u03b5\u03af\u03b1 \u03bc\u03b1\u03c2, \u03bc\u03b5 \u03ba\u03cd\u03c1\u03b9\u03bf \u03b3\u03bd\u03ce\u03bc\u03bf\u03bd\u03b1 \u03c4\u03b7\u03bd \u03c0\u03b5\u03c1\u03b9\u03b2\u03b1\u03bb\u03bb\u03bf\u03bd\u03c4\u03b9\u03ba\u03ae \u03c3\u03c5\u03bd\u03b5\u03af\u03b4\u03b7\u03c3\u03b7 \u03ba\u03b1\u03b9 \u03bc\u03b5 \u03bf\u03b4\u03b7\u03b3\u03cc \u03c4\u03b7\u03bd \u03c0\u03c1\u03ac\u03c3\u03b9\u03bd\u03b7 &hellip;<\/p>\n<p class=\"read-more\"> <a class=\"\" href=\"https:\/\/www.prezasae.gr\/en\/egkatastaseis\/\"> <span class=\"screen-reader-text\">Facilities<\/span> Read More &raquo;<\/a><\/p>","protected":false},"author":3,"featured_media":0,"parent":0,"menu_order":0,"comment_status":"closed","ping_status":"closed","template":"","meta":{"site-sidebar-layout":"no-sidebar","site-content-layout":"plain-container","ast-global-header-display":"","ast-main-header-display":"","ast-hfb-above-header-display":"","ast-hfb-below-header-display":"","ast-hfb-mobile-header-display":"","site-post-title":"","ast-breadcrumbs-content":"","ast-featured-img":"","footer-sml-layout":"","theme-transparent-header-meta":"default","adv-header-id-meta":"","stick-header-meta":"","header-above-stick-meta":"","header-main-stick-meta":"","header-below-stick-meta":""},"_links":{"self":[{"href":"https:\/\/www.prezasae.gr\/en\/wp-json\/wp\/v2\/pages\/260"}],"collection":[{"href":"https:\/\/www.prezasae.gr\/en\/wp-json\/wp\/v2\/pages"}],"about":[{"href":"https:\/\/www.prezasae.gr\/en\/wp-json\/wp\/v2\/types\/page"}],"author":[{"embeddable":true,"href":"https:\/\/www.prezasae.gr\/en\/wp-json\/wp\/v2\/users\/3"}],"replies":[{"embeddable":true,"href":"https:\/\/www.prezasae.gr\/en\/wp-json\/wp\/v2\/comments?post=260"}],"version-history":[{"count":32,"href":"https:\/\/www.prezasae.gr\/en\/wp-json\/wp\/v2\/pages\/260\/revisions"}],"predecessor-version":[{"id":2159,"href":"https:\/\/www.prezasae.gr\/en\/wp-json\/wp\/v2\/pages\/260\/revisions\/2159"}],"wp:attachment":[{"href":"https:\/\/www.prezasae.gr\/en\/wp-json\/wp\/v2\/media?parent=260"}],"curies":[{"name":"wp","href":"https:\/\/api.w.org\/{rel}","templated":true}]}}